{"id":116,"date":"2017-10-24T14:06:40","date_gmt":"2017-10-24T12:06:40","guid":{"rendered":"http:\/\/fengshui-verband.eu\/bilddatenbank\/?page_id=116"},"modified":"2017-11-22T21:52:52","modified_gmt":"2017-11-22T20:52:52","slug":"lizenzbedingungen","status":"publish","type":"page","link":"https:\/\/fengshui-verband.eu\/bilddatenbank\/lizenzbedingungen\/","title":{"rendered":"Allgemeine Unterlizenzbedingungen"},"content":{"rendered":"<p>Stand: 16.07.2017<\/p>\n<p>Berufsverband f\u00fcr Feng Shui und Geomantie e.V.<br \/>\nFriedenstra\u00dfe 20<br \/>\n97072 W\u00fcrzburg<\/p>\n<p>&#8211; nachfolgend Verband \u2013<\/p>\n<p>1. Allgemeines<br \/>\n1.1 Der Verband betreibt eine Datenbank, auf der Nutzungsrechte an Werken (Unterlizenzen) vom Verband selbst oder von Drittanbietern erworben werden k\u00f6nnen. Die vorliegenden Lizenzbedingungen gelten f\u00fcr alle Fotographien, Abbildungen und sonstige Graphiken (im Folgenden \u201eWerke\u201c), die der Verband dem Unterlizenznehmer nach Ma\u00dfgabe dieser Lizenzbedingungen unentgeltlich \u00fcber seine Datenbanken auf seinen Internetseiten zur Verf\u00fcgung stellt. Hinsichtlich der Werke von Drittanbietern gilt Ziff. 4 dieser Unterlizenzbedingungen.<br \/>\n1.2 AGB, die von diesen Lizenzbedingungen abweichen, erkennt der Verband \u2013 vorbehaltlich einer ausdr\u00fccklichen Zustimmung \u2013 nicht an.<br \/>\n1.3 Der Verband ist berechtigt, diese Lizenzbedingungen unter Einhaltung einer angemessenen Frist aus sachlich gerechtfertigten Gr\u00fcnden (z.B. bei \u00c4nderung der Rechtlage oder wirtschaftlicher Gegebenheiten) zu \u00e4ndern. Bestehende Unterlizenznehmer werden hier\u00fcber per E-Mail benachrichtigt. Wenn der Unterlizenznehmer nicht innerhalb der in der \u00c4nderungsmitteilung gesetzten Frist widerspricht, gilt seine Zustimmung zur \u00c4nderung als erteilt. Der Unterlizenznehmer wird in der Mitteilung \u00fcber die beabsichtigte \u00c4nderung dieser Lizenzbedingungen \u00fcber die Folgen des fehlenden Widerspruchs aufgekl\u00e4rt.<\/p>\n<p>2. Leistungen, Vertragsschluss und Lizenzbedingungen<br \/>\n2.1 Der Verband stellt eine kostenlose Bilddatenbank zur Verf\u00fcgung, \u00fcber die Dritte (im Folgenden: Unterlizenznehmer) unentgeltlich Nutzungsrechte an den angebotenen Werken zum eigenen Gebrauch zur Verf\u00fcgung gestellt bekommen k\u00f6nnen.<br \/>\n2.2 Durch das Herunterladen des \/ der Werke(s) von der Webseite des Verbands kommt ein unentgeltlicher Unterlizenzvertrag zwischen dem Verband und dem Nutzer zustande.<br \/>\n2.3 Zum Erwerb von Bildern aus der Datenbank sind insbesondere Journalisten, Fachautoren und Blogger sowie alle an den Themen Interessierten berechtigt. Die Bilder aus der Datenbank d\u00fcrfen nicht von Feng-Shui-Anbietern verwendet werden, die nicht Mitglied des Verbands des Plattformbetreibers sind.<br \/>\n2.4 Der Verband r\u00e4umt dem Unterlizenznehmer das ausschlie\u00dfliche, zeitlich, r\u00e4umlich und inhaltlich unbeschr\u00e4nkte, nicht \u00fcbertragbare Recht ein, das Werk umfassend, auch mit dem Ziel einer kommerziellen Vermarktung, zu nutzen und zu verwerten. Unterlizenznehmer sind insbesondere zur Einbindung des Werks auf ihren kommerziellen Webseiten oder in ihren journalistischen Beitr\u00e4gen und zur Verwendung der Werke f\u00fcr Werbema\u00dfnahmen in jeglichen Medien (insb. Internet, Printmedien und Fernsehen) berechtigt. Der Unterlizenznehmer ist zudem berechtigt, das Werk unter Wahrung des Urheberpers\u00f6nlicheitsrechts vor der Verwendung zu bearbeiten.<br \/>\n2.5 Von der Rechteeinr\u00e4umung sind auch die ausschnittweis Benutzung sowie die Benutzung in Verbindung mit anderen Werken umfasst.<br \/>\n2.6 Der Unterlizenznehmer darf das Werk ausschlie\u00dflich f\u00fcr eigene Zwecke (z.B. zur Bewerbung des eigenen Angebots) nutzen. Er darf Dritten keine Unterlizenzen und keine Nutzungsrechte einr\u00e4umen. Der Unterlizenznehmer ist jedoch berechtigt, die Werke oder Teilen hiervon auf Social-Media-Plattformen (z.B. Facebook) hochzuladen. Der Rechteinhaber erkl\u00e4rt sich mit dieser Art der Nutzung einverstanden.<\/p>\n<p>3. Urheberrechtsvermerk<br \/>\n3.1 Bei der Verwendung der Werke auf Webseiten, in Social-Media-Portalen oder in sonstiger Weise hat der Unterlizenznehmer einen Urheberrechtsvermerk auf dem Werk selbst, direkt unter dem Werk oder in seinem Impressum zu platzieren, der eine Schriftgr\u00f6\u00dfe von mindestens 8pt aufweist. Der Vermerk muss stets dem jeweils einschl\u00e4gigen Werk zugeordnet werden k\u00f6nnen. Der Urheberrechtsvermerk muss den Urheber sowie die Internetadresse des Verbands erkennen lassen. Dies kann beispielsweise in folgender Form erfolgen: \u201eName des Fotografen \/ fengshui-verband.eu\u201c.<br \/>\n3.2 Sofern sich auf dem zur Verf\u00fcgung gestellten Bild bereits bei \u00dcberlassung ein Urheberrechtsvermerk befindet, darf dieser nicht entfernt oder ver\u00e4ndert werden. Sofern nur Teile des Bildes verwendet werden und der Urheberrechtsvermerk hierdurch nicht oder nicht vollst\u00e4ndig zu erkennen ist, ist ein Urheberrechtsvermerk nach den Vorgaben des vorangegangenen Absatzes zu platzieren.<\/p>\n<p>4. Werke von Drittanbietern<br \/>\nIm Rahmen unserer Datenbank stellen wir auch Werke von Drittanbietern aus, die mit den Internetangeboten der Drittanbieter verlinkt sind. Wenn Sie einen solchen Link anklicken, werden Sie auf die Webseite des Drittanbieters weitergeleitet und k\u00f6nnen das Bild zu den dort geltenden Lizenzbedingungen erwerben. Der Verband ist nicht Anbieter dieser Werke. Der Vertrag kommt ausschlie\u00dflich mit dem Drittanbieter zustande.<\/p>\n<p>5. Dauer der Rechteeinr\u00e4umung, K\u00fcndigung<br \/>\n5.1 Der Vertrag und die Einr\u00e4umung der Rechte an den zur Verf\u00fcgung gestellten Werken sind unbefristet und k\u00f6nnen von jeder Vertragspartei jederzeit gek\u00fcndigt werden. Mit der K\u00fcndigung oder der sonstigen Vertragsbeendigung erl\u00f6schen auch die Nutzungsrechte am Werk. Der Unterlizenznehmer wird alle physischen Vervielf\u00e4ltigungsst\u00fccke der Werke unverz\u00fcglich vernichten und alle elektronischen Kopien innerhalb eines Monats nach der K\u00fcndigung von seinen Webseiten und seinen Partnerwebseiten entfernen.<br \/>\n5.2 Das Recht zur au\u00dferordentlichen K\u00fcndigung bleibt unber\u00fchrt. Dem Verband steht ein Recht zur au\u00dferordentlichen K\u00fcndigung insbesondere dann zu, wenn sich herausstellen sollte, dass ein Unterlizenznehmer nicht zum berechtigten Personenkreis im Sinne der Ziff. 2 dieser Lizenzbedingungen geh\u00f6rt.<\/p>\n<p>6. Haftung \/ Freistellung<br \/>\n6.1 Der Verband haftet dem Verband aus allen vertraglichen, vertrags\u00e4hnlichen und gesetzlichen, auch deliktischen Anspr\u00fcchen auf Schadens- und Aufwendungsersatz nach Ma\u00dfgabe der folgenden Abs\u00e4tze.<br \/>\n6.2 Der Verband haftet aus jedem Rechtsgrund uneingeschr\u00e4nkt bei Vorsatz oder grober Fahrl\u00e4ssigkeit,\u2028bei vors\u00e4tzlicher oder fahrl\u00e4ssiger Verletzung des Lebens, des K\u00f6rpers oder der Gesundheit, aufgrund eines Garantieversprechens, soweit diesbez\u00fcglich nichts anderes geregelt ist und aufgrund zwingender Haftung (z.B. nach dem Produkthaftungsgesetz).<br \/>\n6.3 Verletzt der Verband fahrl\u00e4ssig eine wesentliche Vertragspflicht, ist die Haftung auf den vertragstypischen, vorhersehbaren Schaden begrenzt, sofern nicht gem\u00e4\u00df vorstehender Ziffer unbeschr\u00e4nkt gehaftet wird. Wesentliche Vertragspflichten sind Pflichten, die der Vertrag dem Verband nach seinem Inhalt zur Erreichung des Vertragszwecks auferlegt, deren Erf\u00fcllung die ordnungsgem\u00e4\u00dfe Durchf\u00fchrung des Vertrags \u00fcberhaupt erst erm\u00f6glicht und auf deren Einhaltung der Unterlizenznehmer regelm\u00e4\u00dfig vertrauen darf.<br \/>\n6.4 Im \u00dcbrigen ist eine Haftung des Verbands ausgeschlossen.<br \/>\n6.5 Vorstehende Haftungsregelungen gelten auch im Hinblick auf die Haftung des Verbandes f\u00fcr seine Erf\u00fcllungsgehilfen und gesetzlichen Vertreter.<br \/>\n6.6 Der Unterlizenznehmer stellt den Verband von jeglichen Anspr\u00fcchen Dritter \u2013 einschlie\u00dflich der Kosten f\u00fcr die Rechtsverteidigung in ihrer gesetzlichen H\u00f6he \u2013 frei, die gegen den Verband aufgrund von rechts- oder vertragswidrigen Handlungen des Unterlizenznehmers geltend gemacht werden. Dies gilt insbesondere im Falle der unerlaubten Weitergabe oder Unterlizenzierung der Werke an Dritte.<\/p>\n<p>7. Schlussbestimmungen<br \/>\nAnwendbar ist das Recht der Bundesrepublik Deutschland unter Ausschluss des UN-Kaufrechts. Sind die Vertragsparteien Kaufleute, juristische Personen des \u00f6ffentlichen Rechts oder \u00f6ffentlich-rechtliche Sonderverm\u00f6gen, ist das Gericht an unserem Sitz in W\u00fcrzburg zust\u00e4ndig, sofern nicht f\u00fcr die Streitigkeit ein ausschlie\u00dflicher Gerichtsstand begr\u00fcndet ist. Dies gilt auch, wenn der Kunde keinen Wohnsitz innerhalb der Europ\u00e4ischen Union hat.<\/p>\n","protected":false},"excerpt":{"rendered":"<p>Stand: 16.07.2017 Berufsverband f\u00fcr Feng Shui und Geomantie e.V. Friedenstra\u00dfe 20 97072 W\u00fcrzburg &#8211; nachfolgend Verband \u2013 1. Allgemeines 1.1 Der Verband betreibt eine Datenbank, auf der Nutzungsrechte an Werken (Unterlizenzen) vom Verband selbst oder von Drittanbietern erworben werden k\u00f6nnen. Die vorliegenden Lizenzbedingungen gelten f\u00fcr alle Fotographien, Abbildungen und sonstige Graphiken (im Folgenden \u201eWerke\u201c), die &hellip; <a href=\"https:\/\/fengshui-verband.eu\/bilddatenbank\/lizenzbedingungen\/\" class=\"more-link\"><span class=\"screen-reader-text\">Allgemeine Unterlizenzbedingungen<\/span> weiterlesen<\/a><\/p>\n","protected":false},"author":1,"featured_media":0,"parent":0,"menu_order":0,"comment_status":"closed","ping_status":"closed","template":"","meta":{"footnotes":""},"_links":{"self":[{"href":"https:\/\/fengshui-verband.eu\/bilddatenbank\/wp-json\/wp\/v2\/pages\/116"}],"collection":[{"href":"https:\/\/fengshui-verband.eu\/bilddatenbank\/wp-json\/wp\/v2\/pages"}],"about":[{"href":"https:\/\/fengshui-verband.eu\/bilddatenbank\/wp-json\/wp\/v2\/types\/page"}],"author":[{"embeddable":true,"href":"https:\/\/fengshui-verband.eu\/bilddatenbank\/wp-json\/wp\/v2\/users\/1"}],"replies":[{"embeddable":true,"href":"https:\/\/fengshui-verband.eu\/bilddatenbank\/wp-json\/wp\/v2\/comments?post=116"}],"version-history":[{"count":3,"href":"https:\/\/fengshui-verband.eu\/bilddatenbank\/wp-json\/wp\/v2\/pages\/116\/revisions"}],"predecessor-version":[{"id":171,"href":"https:\/\/fengshui-verband.eu\/bilddatenbank\/wp-json\/wp\/v2\/pages\/116\/revisions\/171"}],"wp:attachment":[{"href":"https:\/\/fengshui-verband.eu\/bilddatenbank\/wp-json\/wp\/v2\/media?parent=116"}],"curies":[{"name":"wp","href":"https:\/\/api.w.org\/{rel}","templated":true}]}}