{"id":185,"date":"2017-11-23T15:15:55","date_gmt":"2017-11-23T14:15:55","guid":{"rendered":"http:\/\/fengshui-verband.eu\/bilddatenbank\/?page_id=185"},"modified":"2020-05-01T17:49:52","modified_gmt":"2020-05-01T15:49:52","slug":"alle-anbieter","status":"publish","type":"page","link":"https:\/\/fengshui-verband.eu\/bilddatenbank\/alle-anbieter\/","title":{"rendered":"Alle Anbieter"},"content":{"rendered":"<p>In dieser \u00dcbersicht finden Sie die Kontaktdaten der Bildanbieter und k\u00f6nnen sich deren Bilder in einer \u00dcbersicht anzeigen lassen.<\/p>\n<p><a title=\"Zeige Bilder dieses Anbieters\" href=\"\/bilddatenbank\/anbieter\/?anbieter=Berufsverband\">Berufsverband<\/a> (bfsg) <a href=\"https:\/\/www.fengshui-verband.eu\" target=\"_blank\" rel=\"noopener\">www.fengshui-verband.eu<\/a><br \/>\n<a title=\"Zeige Bilder dieses Anbieters\" href=\"\/bilddatenbank\/anbieter\/?anbieter=Carolin Germek\">Carolin Germek<\/a> (cgermek) <a href=\"\/\/www.menschraum.com\/\" target=\"_blank\" rel=\"noopener\">www.menschraum.com\/<\/a><br \/>\n<a title=\"Zeige Bilder dieses Anbieters\" href=\"\/bilddatenbank\/anbieter\/?anbieter=Christoph Martin\">Christoph Martin<\/a> (cmart) <a href=\"\/\/www.cmart.de\" target=\"_blank\" rel=\"noopener\">www.cmart.de<\/a><br \/>\n<a href=\"\/bilddatenbank\/anbieter\/?anbieter=Gudrun Meier-Lange\">Gudrun Meier-Lange<\/a> (meier-lange) <a href=\"https:\/\/www.meier-lange.ch\" target=\"_blank\" rel=\"noopener\">www.meier-lange.de<\/a><br \/>\n<a href=\"\/bilddatenbank\/anbieter\/?anbieter=Margarete Gold\">Margarete Gold<\/a> (fsgold) <a href=\"https:\/\/www.margarete-gold.de\" target=\"_blank\" rel=\"noopener\">www.margarete-gold.de<\/a><br \/>\n<a href=\"\/bilddatenbank\/anbieter\/?anbieter=Sabrina R\u00f6sler\">Sabrina R\u00f6sler<\/a> (fengdao) <a href=\"https:\/\/www.fengdao.de\" target=\"_blank\" rel=\"noopener\">www.fengdao.de<\/a><br \/>\n<a href=\"\/bilddatenbank\/anbieter\/?anbieter=Sonja Bucher\">Sonja Bucher<\/a> (sbucher) <a href=\"https:\/\/www.fengshui-praxis.ch\" target=\"_blank\" rel=\"noopener\">www.fengshui-praxis.ch<\/a><br \/>\n<a href=\"\/bilddatenbank\/anbieter\/?anbieter=Susanne Oelerich\">Susanne Oelerich<\/a> (sbucher) <a href=\"https:\/\/www.fengshui8kunert.de\" target=\"_blank\" rel=\"noopener\">www.fengshui8oelerich.de<\/a><br \/>\n<a href=\"\/bilddatenbank\/anbieter\/?anbieter=Tilman Weiland\">Tilman Weiland<\/a> (weiland-architekt) <a href=\"https:\/\/www.fengshui-berlin.com\" target=\"_blank\" rel=\"noopener\">www.fengshui-berlin.com<\/a><br \/>\n<a href=\"\/bilddatenbank\/anbieter\/?anbieter=Ute Born\">Ute Born<\/a> (fbuborn) <a href=\"https:\/\/www.fengshuiberatungen.ch\" target=\"_blank\" rel=\"noopener\">www.fengshuiberatungen.ch<\/a><\/p>\n","protected":false},"excerpt":{"rendered":"<p>In dieser \u00dcbersicht finden Sie die Kontaktdaten der Bildanbieter und k\u00f6nnen sich deren Bilder in einer \u00dcbersicht anzeigen lassen. Berufsverband (bfsg) www.fengshui-verband.eu Carolin Germek (cgermek) <a href=\"http:\/\/www.menschraum.com\/\" class=\"autohyperlink\" target=\"_blank\">www.menschraum.com\/<\/a> Christoph Martin (cmart) www.cmart.de Gudrun Meier-Lange (meier-lange) www.meier-lange.de Margarete Gold (fsgold) www.margarete-gold.de Sabrina R\u00f6sler (fengdao) www.fengdao.de Sonja Bucher (sbucher) www.fengshui-praxis.ch Susanne Oelerich (sbucher) www.fengshui8oelerich.de Tilman Weiland (weiland-architekt) <a href=\"http:\/\/www.fengshui-berlin.com\" class=\"autohyperlink\" target=\"_blank\">www.fengshui-berlin.com<\/a> Ute &hellip; <a href=\"https:\/\/fengshui-verband.eu\/bilddatenbank\/alle-anbieter\/\" class=\"more-link\"><span class=\"screen-reader-text\">Alle Anbieter<\/span> weiterlesen<\/a><\/p>\n","protected":false},"author":1,"featured_media":0,"parent":0,"menu_order":0,"comment_status":"closed","ping_status":"closed","template":"","meta":{"footnotes":""},"_links":{"self":[{"href":"https:\/\/fengshui-verband.eu\/bilddatenbank\/wp-json\/wp\/v2\/pages\/185"}],"collection":[{"href":"https:\/\/fengshui-verband.eu\/bilddatenbank\/wp-json\/wp\/v2\/pages"}],"about":[{"href":"https:\/\/fengshui-verband.eu\/bilddatenbank\/wp-json\/wp\/v2\/types\/page"}],"author":[{"embeddable":true,"href":"https:\/\/fengshui-verband.eu\/bilddatenbank\/wp-json\/wp\/v2\/users\/1"}],"replies":[{"embeddable":true,"href":"https:\/\/fengshui-verband.eu\/bilddatenbank\/wp-json\/wp\/v2\/comments?post=185"}],"version-history":[{"count":31,"href":"https:\/\/fengshui-verband.eu\/bilddatenbank\/wp-json\/wp\/v2\/pages\/185\/revisions"}],"predecessor-version":[{"id":287,"href":"https:\/\/fengshui-verband.eu\/bilddatenbank\/wp-json\/wp\/v2\/pages\/185\/revisions\/287"}],"wp:attachment":[{"href":"https:\/\/fengshui-verband.eu\/bilddatenbank\/wp-json\/wp\/v2\/media?parent=185"}],"curies":[{"name":"wp","href":"https:\/\/api.w.org\/{rel}","templated":true}]}}