{"id":22,"date":"2017-09-06T16:13:23","date_gmt":"2017-09-06T14:13:23","guid":{"rendered":"http:\/\/fengshui-verband.eu\/bilderdatenbank\/?page_id=22"},"modified":"2017-11-23T12:35:27","modified_gmt":"2017-11-23T11:35:27","slug":"kontakt","status":"publish","type":"page","link":"https:\/\/fengshui-verband.eu\/bilddatenbank\/kontakt\/","title":{"rendered":"Kontakt"},"content":{"rendered":"<p>Berufsverband f\u00fcr Feng Shui und Geomantie e.V.  <br \/>\n97072 W\u00fcrzburg &#8211; Friedenstra\u00dfe 20<\/p>\n<p>Telefon (D): <a href=\"tel:004993188065568\">(+49) &#8211; (0)931 &#8211; 8806 5568<\/a><br \/>\nTelefon (CH): <a href=\"tel:0041325102589\">(+41) &#8211; (0)32 &#8211; 510 2589<\/a><br \/>\nTelefax: (+49) &#8211; (0)931 &#8211; 8806 5569 <\/p>\n<p>E-Mail: <a href=\"mailto:info@fengshui-verband.eu\">info@fengshui-verband.eu <\/a><br \/>\nInternet: <a href=\"http:\/\/www.fengshui-verband.eu\/\">www.fengshui-verband.eu<\/a><br \/>\nMediensystem: <a href=\"http:\/\/www.feng-shui-media.de%20\">www.feng-shui-media.de <\/a><\/p>\n<p>Einzelvertretungsberechtigte Vorst\u00e4nde:  <br \/>\nMargarete Gold (Vorsitzende)  <br \/>\nArmin Hohmann  <br \/>\nUrsula Manke  <\/p>\n<p>Registergericht: Amtsgericht W\u00fcrzburg  <br \/>\nRegisternummer: VR 2163  <\/p>\n<p>Inhaltlich Verantwortlicher gem\u00e4\u00df \u00a7 5 TMG:  <br \/>\nMargarete Gold (Anschrift wie oben)<\/p>\n<div role=\"form\" class=\"wpcf7\" id=\"wpcf7-f181-o1\" lang=\"de-DE\" dir=\"ltr\">\n<div class=\"screen-reader-response\"><p role=\"status\" aria-live=\"polite\" aria-atomic=\"true\"><\/p> <ul><\/ul><\/div>\n<form action=\"\/bilddatenbank\/wp-json\/wp\/v2\/pages\/22#wpcf7-f181-o1\" method=\"post\" class=\"wpcf7-form init\" novalidate=\"novalidate\" data-status=\"init\">\n<div style=\"display: none;\">\n<input type=\"hidden\" name=\"_wpcf7\" value=\"181\" \/>\n<input type=\"hidden\" name=\"_wpcf7_version\" value=\"5.4.1\" \/>\n<input type=\"hidden\" name=\"_wpcf7_locale\" value=\"de_DE\" \/>\n<input type=\"hidden\" name=\"_wpcf7_unit_tag\" value=\"wpcf7-f181-o1\" \/>\n<input type=\"hidden\" name=\"_wpcf7_container_post\" value=\"0\" \/>\n<input type=\"hidden\" name=\"_wpcf7_posted_data_hash\" value=\"\" \/>\n<\/div>\n<p><label> Vorname*<br \/>\n    <span class=\"wpcf7-form-control-wrap your-surname\"><input type=\"text\" name=\"your-surname\" value=\"\" size=\"40\" class=\"wpcf7-form-control wpcf7-text wpcf7-validates-as-required\" aria-required=\"true\" aria-invalid=\"false\" \/><\/span> <\/label><\/p>\n<p><label> Nachname*<br \/>\n    <span class=\"wpcf7-form-control-wrap your-name\"><input type=\"text\" name=\"your-name\" value=\"\" size=\"40\" class=\"wpcf7-form-control wpcf7-text wpcf7-validates-as-required\" aria-required=\"true\" aria-invalid=\"false\" \/><\/span> <\/label><\/p>\n<p><label> E-Mail-Adresse* (Pflichtfeld)<br \/>\n    <span class=\"wpcf7-form-control-wrap your-email\"><input type=\"email\" name=\"your-email\" value=\"\" size=\"40\" class=\"wpcf7-form-control wpcf7-text wpcf7-email wpcf7-validates-as-required wpcf7-validates-as-email\" aria-required=\"true\" aria-invalid=\"false\" \/><\/span> <\/label><\/p>\n<p><label> Ihre Nachricht<br \/>\n    <span class=\"wpcf7-form-control-wrap your-message\"><textarea name=\"your-message\" cols=\"40\" rows=\"10\" class=\"wpcf7-form-control wpcf7-textarea wpcf7-validates-as-required\" aria-required=\"true\" aria-invalid=\"false\"><\/textarea><\/span> <\/label><\/p>\n<div style=\"font-size: smaller;\">\n        Wenn Sie die im Kontaktformular eingegebenen Daten durch Klick auf die nachfolgende Schaltfl\u00e4che senden, erkl\u00e4ren Sie sich damit einverstanden, dass wir Ihre Angaben f\u00fcr die Beantwortung Ihrer Anfrage bzw. Kontaktaufnahme verwenden.<\/p>\n<p>        Eine Weitergabe an Dritte findet grunds\u00e4tzlich nicht statt, es sei denn, geltende Datenschutzvorschriften rechtfertigen eine \u00dcbertragung oder wir sind dazu gesetzlich verpflichtet.<\/p>\n<p>        Sie k\u00f6nnen Ihre erteilte Einwilligung jederzeit mit Wirkung f\u00fcr die Zukunft widerrufen. Im Falle des Widerrufs werden Ihre Daten umgehend gel\u00f6scht. Ihre Daten werden ansonsten gel\u00f6scht, wenn wir Ihre Anfrage bearbeitet haben oder der Zweck der Speicherung entfallen ist. Sie k\u00f6nnen sich jederzeit \u00fcber die zu Ihrer Person gespeicherten Daten informieren. Weitere Informationen zum Datenschutz finden Sie auch in der <a href=\"datenschutz.php\" target=\"_blank\">Datenschutzerkl\u00e4rung<\/a> dieser Webseite.<\/p>\n<p>        * Pflichtfelder\n        <\/p><\/div>\n<p><input type=\"submit\" value=\"Senden\" class=\"wpcf7-form-control wpcf7-submit\" \/><\/p>\n<div class=\"wpcf7-response-output\" aria-hidden=\"true\"><\/div><\/form><\/div>\n","protected":false},"excerpt":{"rendered":"<p>Berufsverband f\u00fcr Feng Shui und Geomantie e.V. 97072 W\u00fcrzburg &#8211; Friedenstra\u00dfe 20 Telefon (D): (+49) &#8211; (0)931 &#8211; 8806 5568 Telefon (CH): (+41) &#8211; (0)32 &#8211; 510 2589 Telefax: (+49) &#8211; (0)931 &#8211; 8806 5569 E-Mail: <a href=\"mailto:info@fengshui-verband.eu\" class=\"autohyperlink\">info@fengshui-verband.eu<\/a> Internet: www.fengshui-verband.eu Mediensystem: www.feng-shui-media.de Einzelvertretungsberechtigte Vorst\u00e4nde: Margarete Gold (Vorsitzende) Armin Hohmann Ursula Manke Registergericht: Amtsgericht W\u00fcrzburg Registernummer: VR &hellip; <a href=\"https:\/\/fengshui-verband.eu\/bilddatenbank\/kontakt\/\" class=\"more-link\"><span class=\"screen-reader-text\">Kontakt<\/span> weiterlesen<\/a><\/p>\n","protected":false},"author":1,"featured_media":0,"parent":0,"menu_order":0,"comment_status":"closed","ping_status":"closed","template":"","meta":{"footnotes":""},"_links":{"self":[{"href":"https:\/\/fengshui-verband.eu\/bilddatenbank\/wp-json\/wp\/v2\/pages\/22"}],"collection":[{"href":"https:\/\/fengshui-verband.eu\/bilddatenbank\/wp-json\/wp\/v2\/pages"}],"about":[{"href":"https:\/\/fengshui-verband.eu\/bilddatenbank\/wp-json\/wp\/v2\/types\/page"}],"author":[{"embeddable":true,"href":"https:\/\/fengshui-verband.eu\/bilddatenbank\/wp-json\/wp\/v2\/users\/1"}],"replies":[{"embeddable":true,"href":"https:\/\/fengshui-verband.eu\/bilddatenbank\/wp-json\/wp\/v2\/comments?post=22"}],"version-history":[{"count":4,"href":"https:\/\/fengshui-verband.eu\/bilddatenbank\/wp-json\/wp\/v2\/pages\/22\/revisions"}],"predecessor-version":[{"id":182,"href":"https:\/\/fengshui-verband.eu\/bilddatenbank\/wp-json\/wp\/v2\/pages\/22\/revisions\/182"}],"wp:attachment":[{"href":"https:\/\/fengshui-verband.eu\/bilddatenbank\/wp-json\/wp\/v2\/media?parent=22"}],"curies":[{"name":"wp","href":"https:\/\/api.w.org\/{rel}","templated":true}]}}